{"id":78,"date":"2022-10-11T13:37:53","date_gmt":"2022-10-11T16:37:53","guid":{"rendered":"https:\/\/rfsfluidos.com.br\/?page_id=78"},"modified":"2024-10-16T16:29:55","modified_gmt":"2024-10-16T19:29:55","slug":"quem-somos","status":"publish","type":"page","link":"https:\/\/rfsfluidos.com.br\/?page_id=78","title":{"rendered":"Quem Somos"},"content":{"rendered":"\t\t<div data-elementor-type=\"wp-page\" data-elementor-id=\"78\" class=\"elementor elementor-78\">\n\t\t\t\t\t\t\t\t\t<section class=\"elementor-section elementor-top-section elementor-element elementor-element-b9520a3 elementor-section-boxed elementor-section-height-default elementor-section-height-default\" data-id=\"b9520a3\" data-element_type=\"section\">\n\t\t\t\t\t\t<div class=\"elementor-container elementor-column-gap-default\">\n\t\t\t\t\t<div class=\"elementor-column elementor-col-50 elementor-top-column elementor-element elementor-element-407ad51\" data-id=\"407ad51\" data-element_type=\"column\">\n\t\t\t<div class=\"elementor-widget-wrap elementor-element-populated\">\n\t\t\t\t\t\t\t\t<div class=\"elementor-element elementor-element-f47fa92 elementor-widget elementor-widget-image\" data-id=\"f47fa92\" data-element_type=\"widget\" data-widget_type=\"image.default\">\n\t\t\t\t<div class=\"elementor-widget-container\">\n\t\t\t<style>\/*! elementor - v3.7.8 - 02-10-2022 *\/\n.elementor-widget-image{text-align:center}.elementor-widget-image a{display:inline-block}.elementor-widget-image a img[src$=\".svg\"]{width:48px}.elementor-widget-image img{vertical-align:middle;display:inline-block}<\/style>\t\t\t\t\t\t\t\t\t\t\t\t<img decoding=\"async\" width=\"730\" height=\"1024\" src=\"https:\/\/rfsfluidos.com.br\/wp-content\/uploads\/2022\/10\/liquido-1-730x1024.png\" class=\"attachment-large size-large\" alt=\"\" srcset=\"https:\/\/rfsfluidos.com.br\/wp-content\/uploads\/2022\/10\/liquido-1-730x1024.png 730w, https:\/\/rfsfluidos.com.br\/wp-content\/uploads\/2022\/10\/liquido-1-214x300.png 214w, https:\/\/rfsfluidos.com.br\/wp-content\/uploads\/2022\/10\/liquido-1-768x1078.png 768w, https:\/\/rfsfluidos.com.br\/wp-content\/uploads\/2022\/10\/liquido-1-1094x1536.png 1094w, https:\/\/rfsfluidos.com.br\/wp-content\/uploads\/2022\/10\/liquido-1.png 1254w\" sizes=\"(max-width: 730px) 100vw, 730px\" \/>\t\t\t\t\t\t\t\t\t\t\t\t\t\t\t<\/div>\n\t\t\t\t<\/div>\n\t\t\t\t\t<\/div>\n\t\t<\/div>\n\t\t\t\t<div class=\"elementor-column elementor-col-50 elementor-top-column elementor-element elementor-element-3342f60\" data-id=\"3342f60\" data-element_type=\"column\">\n\t\t\t<div class=\"elementor-widget-wrap elementor-element-populated\">\n\t\t\t\t\t\t\t\t<div class=\"elementor-element elementor-element-31b0d8d elementor-widget elementor-widget-heading\" data-id=\"31b0d8d\" data-element_type=\"widget\" data-widget_type=\"heading.default\">\n\t\t\t\t<div class=\"elementor-widget-container\">\n\t\t\t<style>\/*! elementor - v3.7.8 - 02-10-2022 *\/\n.elementor-heading-title{padding:0;margin:0;line-height:1}.elementor-widget-heading .elementor-heading-title[class*=elementor-size-]>a{color:inherit;font-size:inherit;line-height:inherit}.elementor-widget-heading .elementor-heading-title.elementor-size-small{font-size:15px}.elementor-widget-heading .elementor-heading-title.elementor-size-medium{font-size:19px}.elementor-widget-heading .elementor-heading-title.elementor-size-large{font-size:29px}.elementor-widget-heading .elementor-heading-title.elementor-size-xl{font-size:39px}.elementor-widget-heading .elementor-heading-title.elementor-size-xxl{font-size:59px}<\/style><h5 class=\"elementor-heading-title elementor-size-default\">\nA RFS Flu\u00eddos: 23 Anos de Inova\u00e7\u00e3o e Tecnologia<\/h5>\t\t<\/div>\n\t\t\t\t<\/div>\n\t\t\t\t<div class=\"elementor-element elementor-element-89610f9 elementor-widget elementor-widget-heading\" data-id=\"89610f9\" data-element_type=\"widget\" data-widget_type=\"heading.default\">\n\t\t\t\t<div class=\"elementor-widget-container\">\n\t\t\t<h6 class=\"elementor-heading-title elementor-size-default\">A RFS Flu\u00eddos nasceu da experi\u00eancia adquirida em mais de 23 anos na \u00e1rea de produ\u00e7\u00e3o e com\u00e9rcio de produtos automotivos. Desde 2018, trazemos ao mercado evolu\u00e7\u00e3o, inova\u00e7\u00e3o, princ\u00edpios ecol\u00f3gicos e respeito aos nossos clientes. Vislumbrando a oportunidade de ocupar um espa\u00e7o significativo no setor e oferecer produtos de alta tecnologia, a RFS lan\u00e7ou sua linha de flu\u00eddos inteligentes. Utilizando a mais moderna tecnologia, s\u00e3o elaborados em um processo com rigoroso padr\u00e3o de qualidade. A RFS Flu\u00eddos consolida sua marca entre as principais refer\u00eancias em produtos automotivos.<\/h6>\t\t<\/div>\n\t\t\t\t<\/div>\n\t\t\t\t<div class=\"elementor-element elementor-element-2901302 elementor-widget elementor-widget-heading\" data-id=\"2901302\" data-element_type=\"widget\" data-widget_type=\"heading.default\">\n\t\t\t\t<div class=\"elementor-widget-container\">\n\t\t\t<h6 class=\"elementor-heading-title elementor-size-default\">Em resposta \u00e0 evolu\u00e7\u00e3o automobil\u00edstica, na \u00e1rea el\u00e9trica\/h\u00edbrida e automa\u00e7\u00e3o com combust\u00edveis de diferentes composi\u00e7\u00f5es, criamos a nossa linha RFS PREMIUM. Esses produtos foram desenvolvidos com a preocupa\u00e7\u00e3o de proteger os novos componentes utilizados em nossos motores, oferecendo maior capacidade de absor\u00e7\u00e3o t\u00e9rmica e condu\u00e7\u00e3o el\u00e9trica equalizada. Com profissionais t\u00e9cnicos adequados e conceitos baseados em valores humanos e ambientais, a empresa busca estabelecer uma rela\u00e7\u00e3o duradoura e de confian\u00e7a com seus clientes, oportunizando condi\u00e7\u00f5es favor\u00e1veis ao desenvolvimento de pr\u00e1ticas saud\u00e1veis, respeito \u00e0 natureza e zelo pelo bom relacionamento.<\/h6>\t\t<\/div>\n\t\t\t\t<\/div>\n\t\t\t\t\t<\/div>\n\t\t<\/div>\n\t\t\t\t\t\t\t<\/div>\n\t\t<\/section>\n\t\t\t\t\t\t\t<\/div>\n\t\t","protected":false},"excerpt":{"rendered":"<p>A RFS Flu\u00eddos: 23 Anos de Inova\u00e7\u00e3o e Tecnologia A RFS Flu\u00eddos nasceu da experi\u00eancia adquirida em mais de 23 anos na \u00e1rea de produ\u00e7\u00e3o e com\u00e9rcio de produtos automotivos. Desde 2018, trazemos ao mercado evolu\u00e7\u00e3o, inova\u00e7\u00e3o, princ\u00edpios ecol\u00f3gicos e respeito aos nossos clientes. Vislumbrando a oportunidade de ocupar um espa\u00e7o significativo no setor e oferecer produtos de alta tecnologia, a RFS lan\u00e7ou sua linha de flu\u00eddos inteligentes. Utilizando a mais moderna tecnologia, s\u00e3o elaborados em um processo com rigoroso padr\u00e3o de qualidade. A RFS Flu\u00eddos consolida sua marca entre as principais refer\u00eancias em produtos automotivos. Em resposta \u00e0 evolu\u00e7\u00e3o\u2026<\/p>\n","protected":false},"author":3,"featured_media":0,"parent":0,"menu_order":0,"comment_status":"closed","ping_status":"closed","template":"","meta":{"footnotes":""},"class_list":["post-78","page","type-page","status-publish","hentry"],"blocksy_meta":{"styles_descriptor":{"styles":{"desktop":"","tablet":"","mobile":""},"google_fonts":[],"version":5}},"yoast_head":"<!-- This site is optimized with the Yoast SEO plugin v19.8 - https:\/\/yoast.com\/wordpress\/plugins\/seo\/ -->\n<title>Quem Somos - RFS Flu\u00eddos<\/title>\n<meta name=\"robots\" content=\"index, follow, max-snippet:-1, max-image-preview:large, max-video-preview:-1\" \/>\n<link rel=\"canonical\" href=\"https:\/\/rfsfluidos.com.br\/?page_id=78\" \/>\n<meta property=\"og:locale\" content=\"pt_BR\" \/>\n<meta property=\"og:type\" content=\"article\" \/>\n<meta property=\"og:title\" content=\"Quem Somos - RFS Flu\u00eddos\" \/>\n<meta property=\"og:description\" content=\"A RFS Flu\u00eddos: 23 Anos de Inova\u00e7\u00e3o e Tecnologia A RFS Flu\u00eddos nasceu da experi\u00eancia adquirida em mais de 23 anos na \u00e1rea de produ\u00e7\u00e3o e com\u00e9rcio de produtos automotivos. Desde 2018, trazemos ao mercado evolu\u00e7\u00e3o, inova\u00e7\u00e3o, princ\u00edpios ecol\u00f3gicos e respeito aos nossos clientes. Vislumbrando a oportunidade de ocupar um espa\u00e7o significativo no setor e oferecer produtos de alta tecnologia, a RFS lan\u00e7ou sua linha de flu\u00eddos inteligentes. Utilizando a mais moderna tecnologia, s\u00e3o elaborados em um processo com rigoroso padr\u00e3o de qualidade. A RFS Flu\u00eddos consolida sua marca entre as principais refer\u00eancias em produtos automotivos. Em resposta \u00e0 evolu\u00e7\u00e3o\u2026\" \/>\n<meta property=\"og:url\" content=\"https:\/\/rfsfluidos.com.br\/?page_id=78\" \/>\n<meta property=\"og:site_name\" content=\"RFS Flu\u00eddos\" \/>\n<meta property=\"article:modified_time\" content=\"2024-10-16T19:29:55+00:00\" \/>\n<meta property=\"og:image\" content=\"https:\/\/rfsfluidos.com.br\/wp-content\/uploads\/2022\/10\/liquido-1-730x1024.png\" \/>\n<meta name=\"twitter:card\" content=\"summary_large_image\" \/>\n<meta name=\"twitter:label1\" content=\"Est. tempo de leitura\" \/>\n\t<meta name=\"twitter:data1\" content=\"1 minuto\" \/>\n<script type=\"application\/ld+json\" class=\"yoast-schema-graph\">{\"@context\":\"https:\/\/schema.org\",\"@graph\":[{\"@type\":\"WebPage\",\"@id\":\"https:\/\/rfsfluidos.com.br\/?page_id=78\",\"url\":\"https:\/\/rfsfluidos.com.br\/?page_id=78\",\"name\":\"Quem Somos - RFS Flu\u00eddos\",\"isPartOf\":{\"@id\":\"https:\/\/rfsfluidos.com.br\/#website\"},\"datePublished\":\"2022-10-11T16:37:53+00:00\",\"dateModified\":\"2024-10-16T19:29:55+00:00\",\"breadcrumb\":{\"@id\":\"https:\/\/rfsfluidos.com.br\/?page_id=78#breadcrumb\"},\"inLanguage\":\"pt-BR\",\"potentialAction\":[{\"@type\":\"ReadAction\",\"target\":[\"https:\/\/rfsfluidos.com.br\/?page_id=78\"]}]},{\"@type\":\"BreadcrumbList\",\"@id\":\"https:\/\/rfsfluidos.com.br\/?page_id=78#breadcrumb\",\"itemListElement\":[{\"@type\":\"ListItem\",\"position\":1,\"name\":\"In\u00edcio\",\"item\":\"https:\/\/rfsfluidos.com.br\/\"},{\"@type\":\"ListItem\",\"position\":2,\"name\":\"Quem Somos\"}]},{\"@type\":\"WebSite\",\"@id\":\"https:\/\/rfsfluidos.com.br\/#website\",\"url\":\"https:\/\/rfsfluidos.com.br\/\",\"name\":\"RFS Flu\u00eddos\",\"description\":\"\",\"publisher\":{\"@id\":\"https:\/\/rfsfluidos.com.br\/#organization\"},\"potentialAction\":[{\"@type\":\"SearchAction\",\"target\":{\"@type\":\"EntryPoint\",\"urlTemplate\":\"https:\/\/rfsfluidos.com.br\/?s={search_term_string}\"},\"query-input\":\"required name=search_term_string\"}],\"inLanguage\":\"pt-BR\"},{\"@type\":\"Organization\",\"@id\":\"https:\/\/rfsfluidos.com.br\/#organization\",\"name\":\"RFS Flu\u00eddos\",\"url\":\"https:\/\/rfsfluidos.com.br\/\",\"sameAs\":[],\"logo\":{\"@type\":\"ImageObject\",\"inLanguage\":\"pt-BR\",\"@id\":\"https:\/\/rfsfluidos.com.br\/#\/schema\/logo\/image\/\",\"url\":\"https:\/\/rfsfluidos.com.br\/wp-content\/uploads\/2022\/10\/cropped-LOGO_ROSA.png\",\"contentUrl\":\"https:\/\/rfsfluidos.com.br\/wp-content\/uploads\/2022\/10\/cropped-LOGO_ROSA.png\",\"width\":524,\"height\":338,\"caption\":\"RFS Flu\u00eddos\"},\"image\":{\"@id\":\"https:\/\/rfsfluidos.com.br\/#\/schema\/logo\/image\/\"}}]}<\/script>\n<!-- \/ Yoast SEO plugin. -->","yoast_head_json":{"title":"Quem Somos - RFS Flu\u00eddos","robots":{"index":"index","follow":"follow","max-snippet":"max-snippet:-1","max-image-preview":"max-image-preview:large","max-video-preview":"max-video-preview:-1"},"canonical":"https:\/\/rfsfluidos.com.br\/?page_id=78","og_locale":"pt_BR","og_type":"article","og_title":"Quem Somos - RFS Flu\u00eddos","og_description":"A RFS Flu\u00eddos: 23 Anos de Inova\u00e7\u00e3o e Tecnologia A RFS Flu\u00eddos nasceu da experi\u00eancia adquirida em mais de 23 anos na \u00e1rea de produ\u00e7\u00e3o e com\u00e9rcio de produtos automotivos. Desde 2018, trazemos ao mercado evolu\u00e7\u00e3o, inova\u00e7\u00e3o, princ\u00edpios ecol\u00f3gicos e respeito aos nossos clientes. Vislumbrando a oportunidade de ocupar um espa\u00e7o significativo no setor e oferecer produtos de alta tecnologia, a RFS lan\u00e7ou sua linha de flu\u00eddos inteligentes. Utilizando a mais moderna tecnologia, s\u00e3o elaborados em um processo com rigoroso padr\u00e3o de qualidade. A RFS Flu\u00eddos consolida sua marca entre as principais refer\u00eancias em produtos automotivos. Em resposta \u00e0 evolu\u00e7\u00e3o\u2026","og_url":"https:\/\/rfsfluidos.com.br\/?page_id=78","og_site_name":"RFS Flu\u00eddos","article_modified_time":"2024-10-16T19:29:55+00:00","og_image":[{"url":"https:\/\/rfsfluidos.com.br\/wp-content\/uploads\/2022\/10\/liquido-1-730x1024.png"}],"twitter_card":"summary_large_image","twitter_misc":{"Est. tempo de leitura":"1 minuto"},"schema":{"@context":"https:\/\/schema.org","@graph":[{"@type":"WebPage","@id":"https:\/\/rfsfluidos.com.br\/?page_id=78","url":"https:\/\/rfsfluidos.com.br\/?page_id=78","name":"Quem Somos - RFS Flu\u00eddos","isPartOf":{"@id":"https:\/\/rfsfluidos.com.br\/#website"},"datePublished":"2022-10-11T16:37:53+00:00","dateModified":"2024-10-16T19:29:55+00:00","breadcrumb":{"@id":"https:\/\/rfsfluidos.com.br\/?page_id=78#breadcrumb"},"inLanguage":"pt-BR","potentialAction":[{"@type":"ReadAction","target":["https:\/\/rfsfluidos.com.br\/?page_id=78"]}]},{"@type":"BreadcrumbList","@id":"https:\/\/rfsfluidos.com.br\/?page_id=78#breadcrumb","itemListElement":[{"@type":"ListItem","position":1,"name":"In\u00edcio","item":"https:\/\/rfsfluidos.com.br\/"},{"@type":"ListItem","position":2,"name":"Quem Somos"}]},{"@type":"WebSite","@id":"https:\/\/rfsfluidos.com.br\/#website","url":"https:\/\/rfsfluidos.com.br\/","name":"RFS Flu\u00eddos","description":"","publisher":{"@id":"https:\/\/rfsfluidos.com.br\/#organization"},"potentialAction":[{"@type":"SearchAction","target":{"@type":"EntryPoint","urlTemplate":"https:\/\/rfsfluidos.com.br\/?s={search_term_string}"},"query-input":"required name=search_term_string"}],"inLanguage":"pt-BR"},{"@type":"Organization","@id":"https:\/\/rfsfluidos.com.br\/#organization","name":"RFS Flu\u00eddos","url":"https:\/\/rfsfluidos.com.br\/","sameAs":[],"logo":{"@type":"ImageObject","inLanguage":"pt-BR","@id":"https:\/\/rfsfluidos.com.br\/#\/schema\/logo\/image\/","url":"https:\/\/rfsfluidos.com.br\/wp-content\/uploads\/2022\/10\/cropped-LOGO_ROSA.png","contentUrl":"https:\/\/rfsfluidos.com.br\/wp-content\/uploads\/2022\/10\/cropped-LOGO_ROSA.png","width":524,"height":338,"caption":"RFS Flu\u00eddos"},"image":{"@id":"https:\/\/rfsfluidos.com.br\/#\/schema\/logo\/image\/"}}]}},"_links":{"self":[{"href":"https:\/\/rfsfluidos.com.br\/index.php?rest_route=\/wp\/v2\/pages\/78","targetHints":{"allow":["GET"]}}],"collection":[{"href":"https:\/\/rfsfluidos.com.br\/index.php?rest_route=\/wp\/v2\/pages"}],"about":[{"href":"https:\/\/rfsfluidos.com.br\/index.php?rest_route=\/wp\/v2\/types\/page"}],"author":[{"embeddable":true,"href":"https:\/\/rfsfluidos.com.br\/index.php?rest_route=\/wp\/v2\/users\/3"}],"replies":[{"embeddable":true,"href":"https:\/\/rfsfluidos.com.br\/index.php?rest_route=%2Fwp%2Fv2%2Fcomments&post=78"}],"version-history":[{"count":28,"href":"https:\/\/rfsfluidos.com.br\/index.php?rest_route=\/wp\/v2\/pages\/78\/revisions"}],"predecessor-version":[{"id":1115,"href":"https:\/\/rfsfluidos.com.br\/index.php?rest_route=\/wp\/v2\/pages\/78\/revisions\/1115"}],"wp:attachment":[{"href":"https:\/\/rfsfluidos.com.br\/index.php?rest_route=%2Fwp%2Fv2%2Fmedia&parent=78"}],"curies":[{"name":"wp","href":"https:\/\/api.w.org\/{rel}","templated":true}]}}